{"id":7,"date":"2025-06-29T17:53:37","date_gmt":"2025-06-29T17:53:37","guid":{"rendered":"https:\/\/ramsesworks.com\/?page_id=7"},"modified":"2025-06-30T22:24:38","modified_gmt":"2025-06-30T22:24:38","slug":"home","status":"publish","type":"page","link":"https:\/\/ramsesworks.com\/de\/","title":{"rendered":"Home"},"content":{"rendered":"<div data-elementor-type=\"wp-post\" data-elementor-id=\"7\" class=\"elementor elementor-7\" data-elementor-post-type=\"page\">\n\t\t\t\t<div class=\"elementor-element elementor-element-2fb1e97 e-flex e-con-boxed e-con e-parent\" data-id=\"2fb1e97\" data-element_type=\"container\">\n\t\t\t\t\t<div class=\"e-con-inner\">\n\t\t<div class=\"elementor-element elementor-element-3ff0769 e-grid e-con-full e-con e-child\" data-id=\"3ff0769\" data-element_type=\"container\">\n\t\t<div class=\"elementor-element elementor-element-cb2bf9e e-con-full e-flex e-con e-child\" data-id=\"cb2bf9e\" data-element_type=\"container\">\n\t\t\t\t<div class=\"elementor-element elementor-element-adbcb3e elementor-widget elementor-widget-heading\" data-id=\"adbcb3e\" data-element_type=\"widget\" data-widget_type=\"heading.default\">\n\t\t\t\t<div class=\"elementor-widget-container\">\n\t\t\t\t\t<h2 class=\"elementor-heading-title elementor-size-default\">WILLKOMMEN BEI<\/h2>\t\t\t\t<\/div>\n\t\t\t\t<\/div>\n\t\t\t\t<div class=\"elementor-element elementor-element-4792e2f elementor-headline--style-highlight elementor-widget elementor-widget-animated-headline\" data-id=\"4792e2f\" data-element_type=\"widget\" data-settings=\"{&quot;marker&quot;:&quot;underline&quot;,&quot;highlighted_text&quot;:&quot;RAMSESWORKS&quot;,&quot;headline_style&quot;:&quot;highlight&quot;,&quot;highlight_animation_duration&quot;:1200}\" data-widget_type=\"animated-headline.default\">\n\t\t\t\t<div class=\"elementor-widget-container\">\n\t\t\t\t\t\t\t<h1 class=\"elementor-headline\">\n\t\t\t\t<span class=\"elementor-headline-dynamic-wrapper elementor-headline-text-wrapper\">\n\t\t\t\t\t<span class=\"elementor-headline-dynamic-text elementor-headline-text-active\">RAMSESWORKS<\/span>\n\t\t\t\t<\/span>\n\t\t\t\t<\/h1>\n\t\t\t\t\t\t<\/div>\n\t\t\t\t<\/div>\n\t\t\t\t<div class=\"elementor-element elementor-element-d0932ea elementor-hidden-desktop elementor-widget elementor-widget-image\" data-id=\"d0932ea\" data-element_type=\"widget\" data-widget_type=\"image.default\">\n\t\t\t\t<div class=\"elementor-widget-container\">\n\t\t\t\t\t\t\t\t\t\t\t\t\t\t\t<img fetchpriority=\"high\" decoding=\"async\" width=\"512\" height=\"512\" src=\"https:\/\/ramsesworks.com\/wp-content\/uploads\/2025\/06\/cropped-cropped-RamsesWorksLogo.webp\" class=\"attachment-large size-large wp-image-15\" alt=\"\" srcset=\"https:\/\/ramsesworks.com\/wp-content\/uploads\/2025\/06\/cropped-cropped-RamsesWorksLogo.webp 512w, https:\/\/ramsesworks.com\/wp-content\/uploads\/2025\/06\/cropped-cropped-RamsesWorksLogo-300x300.webp 300w, https:\/\/ramsesworks.com\/wp-content\/uploads\/2025\/06\/cropped-cropped-RamsesWorksLogo-150x150.webp 150w\" sizes=\"(max-width: 512px) 100vw, 512px\" \/>\t\t\t\t\t\t\t\t\t\t\t\t\t\t\t<\/div>\n\t\t\t\t<\/div>\n\t\t\t\t<div class=\"elementor-element elementor-element-022fd4b elementor-widget elementor-widget-text-editor\" data-id=\"022fd4b\" data-element_type=\"widget\" data-widget_type=\"text-editor.default\">\n\t\t\t\t<div class=\"elementor-widget-container\">\n\t\t\t\t\t\t\t\t\t<p data-start=\"566\" data-end=\"668\">Professionelle Videobearbeitungsdienste, die auf Ihre individuellen Vorstellungen zugeschnitten sind, Ihre Botschaft verst\u00e4rken und kinoreife Ergebnisse f\u00fcr jede Plattform und jedes Publikum liefern.<\/p>\t\t\t\t\t\t\t\t<\/div>\n\t\t\t\t<\/div>\n\t\t\t\t<div class=\"elementor-element elementor-element-944ca9f elementor-tablet-align-center elementor-widget elementor-widget-button\" data-id=\"944ca9f\" data-element_type=\"widget\" data-widget_type=\"button.default\">\n\t\t\t\t<div class=\"elementor-widget-container\">\n\t\t\t\t\t\t\t\t\t<div class=\"elementor-button-wrapper\">\n\t\t\t\t\t<a class=\"elementor-button elementor-button-link elementor-size-sm elementor-animation-float\" href=\"https:\/\/ramsesworks.com\/de\/contact\/\">\n\t\t\t\t\t\t<span class=\"elementor-button-content-wrapper\">\n\t\t\t\t\t\t\t\t\t<span class=\"elementor-button-text\">Starte Dein Projekt<\/span>\n\t\t\t\t\t<\/span>\n\t\t\t\t\t<\/a>\n\t\t\t\t<\/div>\n\t\t\t\t\t\t\t\t<\/div>\n\t\t\t\t<\/div>\n\t\t\t\t<\/div>\n\t\t<div class=\"elementor-element elementor-element-d1f541c e-con-full elementor-hidden-tablet elementor-hidden-mobile e-flex e-con e-child\" data-id=\"d1f541c\" data-element_type=\"container\">\n\t\t\t\t<div class=\"elementor-element elementor-element-101e3d4 elementor-widget elementor-widget-image\" data-id=\"101e3d4\" data-element_type=\"widget\" data-settings=\"{&quot;motion_fx_motion_fx_mouse&quot;:&quot;yes&quot;,&quot;motion_fx_mouseTrack_effect&quot;:&quot;yes&quot;,&quot;motion_fx_mouseTrack_speed&quot;:{&quot;unit&quot;:&quot;px&quot;,&quot;size&quot;:1,&quot;sizes&quot;:[]}}\" data-widget_type=\"image.default\">\n\t\t\t\t<div class=\"elementor-widget-container\">\n\t\t\t\t\t\t\t\t\t\t\t\t\t\t\t<img decoding=\"async\" width=\"800\" height=\"858\" src=\"https:\/\/ramsesworks.com\/wp-content\/uploads\/2025\/06\/RamsesProjectsMainBanner_new-955x1024.webp\" class=\"attachment-large size-large wp-image-240\" alt=\"\" srcset=\"https:\/\/ramsesworks.com\/wp-content\/uploads\/2025\/06\/RamsesProjectsMainBanner_new-955x1024.webp 955w, https:\/\/ramsesworks.com\/wp-content\/uploads\/2025\/06\/RamsesProjectsMainBanner_new-280x300.webp 280w, https:\/\/ramsesworks.com\/wp-content\/uploads\/2025\/06\/RamsesProjectsMainBanner_new-768x824.webp 768w, https:\/\/ramsesworks.com\/wp-content\/uploads\/2025\/06\/RamsesProjectsMainBanner_new.webp 1297w\" sizes=\"(max-width: 800px) 100vw, 800px\" \/>\t\t\t\t\t\t\t\t\t\t\t\t\t\t\t<\/div>\n\t\t\t\t<\/div>\n\t\t\t\t<\/div>\n\t\t\t\t<\/div>\n\t\t\t\t\t<\/div>\n\t\t\t\t<\/div>\n\t\t<div class=\"elementor-element elementor-element-60867d47 e-flex e-con-boxed e-con e-parent\" data-id=\"60867d47\" data-element_type=\"container\" data-settings=\"{&quot;background_background&quot;:&quot;classic&quot;}\">\n\t\t\t\t\t<div class=\"e-con-inner\">\n\t\t<div class=\"elementor-element elementor-element-f67b0f1 e-con-full e-flex e-con e-child\" data-id=\"f67b0f1\" data-element_type=\"container\" data-settings=\"{&quot;background_background&quot;:&quot;gradient&quot;}\">\n\t\t\t\t<div class=\"elementor-element elementor-element-28f22770 elementor-widget elementor-widget-heading\" data-id=\"28f22770\" data-element_type=\"widget\" data-widget_type=\"heading.default\">\n\t\t\t\t<div class=\"elementor-widget-container\">\n\t\t\t\t\t<h2 class=\"elementor-heading-title elementor-size-default\">UNSERE ARBEIT IN ZAHLEN<\/h2>\t\t\t\t<\/div>\n\t\t\t\t<\/div>\n\t\t<div class=\"elementor-element elementor-element-4b84aac6 e-con-full e-flex e-con e-child\" data-id=\"4b84aac6\" data-element_type=\"container\">\n\t\t\t\t<div class=\"elementor-element elementor-element-27084f55 elementor-widget-mobile__width-initial elementor-widget__width-initial elementor-widget elementor-widget-counter\" data-id=\"27084f55\" data-element_type=\"widget\" data-widget_type=\"counter.default\">\n\t\t\t\t<div class=\"elementor-widget-container\">\n\t\t\t\t\t\t\t<div class=\"elementor-counter\">\n\t\t\t<div class=\"elementor-counter-title\">Bearbeitete Videos<\/div>\t\t\t<div class=\"elementor-counter-number-wrapper\">\n\t\t\t\t<span class=\"elementor-counter-number-prefix\"><\/span>\n\t\t\t\t<span class=\"elementor-counter-number\" data-duration=\"2000\" data-to-value=\"250\" data-from-value=\"0\" data-delimiter=\",\">0<\/span>\n\t\t\t\t<span class=\"elementor-counter-number-suffix\">+<\/span>\n\t\t\t<\/div>\n\t\t<\/div>\n\t\t\t\t\t\t<\/div>\n\t\t\t\t<\/div>\n\t\t\t\t<div class=\"elementor-element elementor-element-737ca8a elementor-widget-mobile__width-initial elementor-widget__width-initial elementor-widget elementor-widget-counter\" data-id=\"737ca8a\" data-element_type=\"widget\" data-widget_type=\"counter.default\">\n\t\t\t\t<div class=\"elementor-widget-container\">\n\t\t\t\t\t\t\t<div class=\"elementor-counter\">\n\t\t\t<div class=\"elementor-counter-title\">Kunden<\/div>\t\t\t<div class=\"elementor-counter-number-wrapper\">\n\t\t\t\t<span class=\"elementor-counter-number-prefix\"><\/span>\n\t\t\t\t<span class=\"elementor-counter-number\" data-duration=\"2000\" data-to-value=\"120\" data-from-value=\"0\" data-delimiter=\",\">0<\/span>\n\t\t\t\t<span class=\"elementor-counter-number-suffix\">+<\/span>\n\t\t\t<\/div>\n\t\t<\/div>\n\t\t\t\t\t\t<\/div>\n\t\t\t\t<\/div>\n\t\t\t\t<div class=\"elementor-element elementor-element-be2ac0c elementor-widget-mobile__width-initial elementor-widget__width-initial elementor-widget elementor-widget-counter\" data-id=\"be2ac0c\" data-element_type=\"widget\" data-widget_type=\"counter.default\">\n\t\t\t\t<div class=\"elementor-widget-container\">\n\t\t\t\t\t\t\t<div class=\"elementor-counter\">\n\t\t\t<div class=\"elementor-counter-title\">Mitglieder<\/div>\t\t\t<div class=\"elementor-counter-number-wrapper\">\n\t\t\t\t<span class=\"elementor-counter-number-prefix\"><\/span>\n\t\t\t\t<span class=\"elementor-counter-number\" data-duration=\"2000\" data-to-value=\"8\" data-from-value=\"0\" data-delimiter=\",\">0<\/span>\n\t\t\t\t<span class=\"elementor-counter-number-suffix\"><\/span>\n\t\t\t<\/div>\n\t\t<\/div>\n\t\t\t\t\t\t<\/div>\n\t\t\t\t<\/div>\n\t\t\t\t<div class=\"elementor-element elementor-element-66e896f3 elementor-widget-mobile__width-initial elementor-widget__width-initial elementor-widget elementor-widget-counter\" data-id=\"66e896f3\" data-element_type=\"widget\" data-widget_type=\"counter.default\">\n\t\t\t\t<div class=\"elementor-widget-container\">\n\t\t\t\t\t\t\t<div class=\"elementor-counter\">\n\t\t\t<div class=\"elementor-counter-title\">Jahre<\/div>\t\t\t<div class=\"elementor-counter-number-wrapper\">\n\t\t\t\t<span class=\"elementor-counter-number-prefix\"><\/span>\n\t\t\t\t<span class=\"elementor-counter-number\" data-duration=\"2000\" data-to-value=\"5\" data-from-value=\"0\" data-delimiter=\",\">0<\/span>\n\t\t\t\t<span class=\"elementor-counter-number-suffix\"><\/span>\n\t\t\t<\/div>\n\t\t<\/div>\n\t\t\t\t\t\t<\/div>\n\t\t\t\t<\/div>\n\t\t\t\t<div class=\"elementor-element elementor-element-9cf6be3 elementor-widget-mobile__width-initial elementor-widget__width-initial elementor-hidden-tablet elementor-hidden-mobile elementor-widget elementor-widget-counter\" data-id=\"9cf6be3\" data-element_type=\"widget\" data-widget_type=\"counter.default\">\n\t\t\t\t<div class=\"elementor-widget-container\">\n\t\t\t\t\t\t\t<div class=\"elementor-counter\">\n\t\t\t<div class=\"elementor-counter-title\">Seit<\/div>\t\t\t<div class=\"elementor-counter-number-wrapper\">\n\t\t\t\t<span class=\"elementor-counter-number-prefix\"><\/span>\n\t\t\t\t<span class=\"elementor-counter-number\" data-duration=\"2000\" data-to-value=\"2020\" data-from-value=\"2020\">2020<\/span>\n\t\t\t\t<span class=\"elementor-counter-number-suffix\"><\/span>\n\t\t\t<\/div>\n\t\t<\/div>\n\t\t\t\t\t\t<\/div>\n\t\t\t\t<\/div>\n\t\t\t\t<\/div>\n\t\t\t\t<\/div>\n\t\t\t\t\t<\/div>\n\t\t\t\t<\/div>\n\t\t<div class=\"elementor-element elementor-element-94fa39f e-flex e-con-boxed e-con e-parent\" data-id=\"94fa39f\" data-element_type=\"container\">\n\t\t\t\t\t<div class=\"e-con-inner\">\n\t\t<div class=\"elementor-element elementor-element-983ecd6 e-con-full elementor-hidden-tablet elementor-hidden-mobile e-flex e-con e-child\" data-id=\"983ecd6\" data-element_type=\"container\">\n\t\t\t\t<div class=\"elementor-element elementor-element-bf40fcf elementor-widget elementor-widget-image\" data-id=\"bf40fcf\" data-element_type=\"widget\" data-widget_type=\"image.default\">\n\t\t\t\t<div class=\"elementor-widget-container\">\n\t\t\t\t\t\t\t\t\t\t\t\t\t\t\t<img fetchpriority=\"high\" decoding=\"async\" width=\"512\" height=\"512\" src=\"https:\/\/ramsesworks.com\/wp-content\/uploads\/2025\/06\/cropped-cropped-RamsesWorksLogo.webp\" class=\"attachment-large size-large wp-image-15\" alt=\"\" srcset=\"https:\/\/ramsesworks.com\/wp-content\/uploads\/2025\/06\/cropped-cropped-RamsesWorksLogo.webp 512w, https:\/\/ramsesworks.com\/wp-content\/uploads\/2025\/06\/cropped-cropped-RamsesWorksLogo-300x300.webp 300w, https:\/\/ramsesworks.com\/wp-content\/uploads\/2025\/06\/cropped-cropped-RamsesWorksLogo-150x150.webp 150w\" sizes=\"(max-width: 512px) 100vw, 512px\" \/>\t\t\t\t\t\t\t\t\t\t\t\t\t\t\t<\/div>\n\t\t\t\t<\/div>\n\t\t\t\t<\/div>\n\t\t<div class=\"elementor-element elementor-element-7dc99a2 e-con-full e-flex e-con e-child\" data-id=\"7dc99a2\" data-element_type=\"container\">\n\t\t\t\t<div class=\"elementor-element elementor-element-8dfdc1c elementor-widget elementor-widget-heading\" data-id=\"8dfdc1c\" data-element_type=\"widget\" data-widget_type=\"heading.default\">\n\t\t\t\t<div class=\"elementor-widget-container\">\n\t\t\t\t\t<h2 class=\"elementor-heading-title elementor-size-default\">\u00dcBER RAMSESWORKS<\/h2>\t\t\t\t<\/div>\n\t\t\t\t<\/div>\n\t\t\t\t<div class=\"elementor-element elementor-element-cdc3a5e elementor-widget elementor-widget-text-editor\" data-id=\"cdc3a5e\" data-element_type=\"widget\" data-widget_type=\"text-editor.default\">\n\t\t\t\t<div class=\"elementor-widget-container\">\n\t\t\t\t\t\t\t\t\t<p>Bei RamsesWorks bieten wir ma\u00dfgeschneiderte Videoschnitt-Dienstleistungen f\u00fcr Kreative, Unternehmen und Privatkunden. Ganz gleich, ob du Inhalte f\u00fcr<br \/>Social Media produzierst, wichtige Momente einer Gaming-Session hervorheben, Automobilaufnahmen pr\u00e4sentieren oder ein einmaliges Ereignis festhalten m\u00f6chtest \u2013 wir verwandeln Rohmaterial in fesselnde visuelle Erz\u00e4hlungen.<\/p><p>Unsere Arbeit zeichnet sich durch kreative Pr\u00e4zision, \u00e4sthetische Konsistenz und ein tiefes Verst\u00e4ndnis daf\u00fcr aus, was Geschichten ber\u00fchrend macht. Von schnellen Kurzschnitten<br \/>bis hin zu emotionalen Hochzeitsfilmen \u2013 RamsesWorks liefert Postproduktion, die verbindet.<\/p>\t\t\t\t\t\t\t\t<\/div>\n\t\t\t\t<\/div>\n\t\t\t\t<\/div>\n\t\t\t\t\t<\/div>\n\t\t\t\t<\/div>\n\t\t\t\t<\/div>","protected":false},"excerpt":{"rendered":"<p>WELCOME TO RAMSESWORKS Professional video editing services crafted to match your unique vision, amplify your message, and deliver cinematic results for every platform and audience. Start Your Project our work in numbers Edited Videos 0 + Clients 0 + Members 0 Years 0 Since 2020 ABOUT RAMSESWORKS At RamsesWorks, we provide bespoke video editing services [&hellip;]<\/p>","protected":false},"author":1,"featured_media":0,"parent":0,"menu_order":0,"comment_status":"closed","ping_status":"closed","template":"","meta":{"footnotes":""},"class_list":["post-7","page","type-page","status-publish","hentry"],"yoast_head":"<!-- This site is optimized with the Yoast SEO plugin v25.4 - https:\/\/yoast.com\/wordpress\/plugins\/seo\/ -->\n<title>Home - RamsesWorks<\/title>\n<meta name=\"robots\" content=\"index, follow, max-snippet:-1, max-image-preview:large, max-video-preview:-1\" \/>\n<link rel=\"canonical\" href=\"https:\/\/ramsesworks.com\/de\/\" \/>\n<meta property=\"og:locale\" content=\"de_DE\" \/>\n<meta property=\"og:type\" content=\"article\" \/>\n<meta property=\"og:title\" content=\"Home - RamsesWorks\" \/>\n<meta property=\"og:description\" content=\"WELCOME TO RAMSESWORKS Professional video editing services crafted to match your unique vision, amplify your message, and deliver cinematic results for every platform and audience. Start Your Project our work in numbers Edited Videos 0 + Clients 0 + Members 0 Years 0 Since 2020 ABOUT RAMSESWORKS At RamsesWorks, we provide bespoke video editing services [&hellip;]\" \/>\n<meta property=\"og:url\" content=\"https:\/\/ramsesworks.com\/de\/\" \/>\n<meta property=\"og:site_name\" content=\"RamsesWorks\" \/>\n<meta property=\"article:modified_time\" content=\"2025-06-30T22:24:38+00:00\" \/>\n<meta property=\"og:image\" content=\"https:\/\/ramsesworks.com\/wp-content\/uploads\/2025\/06\/cropped-cropped-RamsesWorksLogo.webp\" \/>\n\t<meta property=\"og:image:width\" content=\"512\" \/>\n\t<meta property=\"og:image:height\" content=\"512\" \/>\n\t<meta property=\"og:image:type\" content=\"image\/webp\" \/>\n<meta name=\"twitter:card\" content=\"summary_large_image\" \/>\n<meta name=\"twitter:label1\" content=\"Gesch\u00e4tzte Lesezeit\" \/>\n\t<meta name=\"twitter:data1\" content=\"2\u00a0Minuten\" \/>\n<script type=\"application\/ld+json\" class=\"yoast-schema-graph\">{\"@context\":\"https:\/\/schema.org\",\"@graph\":[{\"@type\":\"WebPage\",\"@id\":\"https:\/\/ramsesworks.com\/\",\"url\":\"https:\/\/ramsesworks.com\/\",\"name\":\"Home - RamsesWorks\",\"isPartOf\":{\"@id\":\"https:\/\/ramsesworks.com\/#website\"},\"primaryImageOfPage\":{\"@id\":\"https:\/\/ramsesworks.com\/#primaryimage\"},\"image\":{\"@id\":\"https:\/\/ramsesworks.com\/#primaryimage\"},\"thumbnailUrl\":\"https:\/\/ramsesworks.com\/wp-content\/uploads\/2025\/06\/cropped-cropped-RamsesWorksLogo.webp\",\"datePublished\":\"2025-06-29T17:53:37+00:00\",\"dateModified\":\"2025-06-30T22:24:38+00:00\",\"breadcrumb\":{\"@id\":\"https:\/\/ramsesworks.com\/#breadcrumb\"},\"inLanguage\":\"de\",\"potentialAction\":[{\"@type\":\"ReadAction\",\"target\":[\"https:\/\/ramsesworks.com\/\"]}]},{\"@type\":\"ImageObject\",\"inLanguage\":\"de\",\"@id\":\"https:\/\/ramsesworks.com\/#primaryimage\",\"url\":\"https:\/\/ramsesworks.com\/wp-content\/uploads\/2025\/06\/cropped-cropped-RamsesWorksLogo.webp\",\"contentUrl\":\"https:\/\/ramsesworks.com\/wp-content\/uploads\/2025\/06\/cropped-cropped-RamsesWorksLogo.webp\"},{\"@type\":\"BreadcrumbList\",\"@id\":\"https:\/\/ramsesworks.com\/#breadcrumb\",\"itemListElement\":[{\"@type\":\"ListItem\",\"position\":1,\"name\":\"Startseite\",\"item\":\"https:\/\/ramsesworks.com\/\"},{\"@type\":\"ListItem\",\"position\":2,\"name\":\"Home\"}]},{\"@type\":\"WebSite\",\"@id\":\"https:\/\/ramsesworks.com\/#website\",\"url\":\"https:\/\/ramsesworks.com\/\",\"name\":\"RamsesWorks\",\"description\":\"\",\"publisher\":{\"@id\":\"https:\/\/ramsesworks.com\/#organization\"},\"potentialAction\":[{\"@type\":\"SearchAction\",\"target\":{\"@type\":\"EntryPoint\",\"urlTemplate\":\"https:\/\/ramsesworks.com\/?s={search_term_string}\"},\"query-input\":{\"@type\":\"PropertyValueSpecification\",\"valueRequired\":true,\"valueName\":\"search_term_string\"}}],\"inLanguage\":\"de\"},{\"@type\":\"Organization\",\"@id\":\"https:\/\/ramsesworks.com\/#organization\",\"name\":\"RamsesWorks\",\"url\":\"https:\/\/ramsesworks.com\/\",\"logo\":{\"@type\":\"ImageObject\",\"inLanguage\":\"de\",\"@id\":\"https:\/\/ramsesworks.com\/#\/schema\/logo\/image\/\",\"url\":\"https:\/\/ramsesworks.com\/wp-content\/uploads\/2025\/06\/RamsesLogo.webp\",\"contentUrl\":\"https:\/\/ramsesworks.com\/wp-content\/uploads\/2025\/06\/RamsesLogo.webp\",\"width\":1024,\"height\":350,\"caption\":\"RamsesWorks\"},\"image\":{\"@id\":\"https:\/\/ramsesworks.com\/#\/schema\/logo\/image\/\"}}]}<\/script>\n<!-- \/ Yoast SEO plugin. -->","yoast_head_json":{"title":"Home - RamsesWorks","robots":{"index":"index","follow":"follow","max-snippet":"max-snippet:-1","max-image-preview":"max-image-preview:large","max-video-preview":"max-video-preview:-1"},"canonical":"https:\/\/ramsesworks.com\/de\/","og_locale":"de_DE","og_type":"article","og_title":"Home - RamsesWorks","og_description":"WELCOME TO RAMSESWORKS Professional video editing services crafted to match your unique vision, amplify your message, and deliver cinematic results for every platform and audience. Start Your Project our work in numbers Edited Videos 0 + Clients 0 + Members 0 Years 0 Since 2020 ABOUT RAMSESWORKS At RamsesWorks, we provide bespoke video editing services [&hellip;]","og_url":"https:\/\/ramsesworks.com\/de\/","og_site_name":"RamsesWorks","article_modified_time":"2025-06-30T22:24:38+00:00","og_image":[{"width":512,"height":512,"url":"https:\/\/ramsesworks.com\/wp-content\/uploads\/2025\/06\/cropped-cropped-RamsesWorksLogo.webp","type":"image\/webp"}],"twitter_card":"summary_large_image","twitter_misc":{"Gesch\u00e4tzte Lesezeit":"2\u00a0Minuten"},"schema":{"@context":"https:\/\/schema.org","@graph":[{"@type":"WebPage","@id":"https:\/\/ramsesworks.com\/","url":"https:\/\/ramsesworks.com\/","name":"Home - RamsesWorks","isPartOf":{"@id":"https:\/\/ramsesworks.com\/#website"},"primaryImageOfPage":{"@id":"https:\/\/ramsesworks.com\/#primaryimage"},"image":{"@id":"https:\/\/ramsesworks.com\/#primaryimage"},"thumbnailUrl":"https:\/\/ramsesworks.com\/wp-content\/uploads\/2025\/06\/cropped-cropped-RamsesWorksLogo.webp","datePublished":"2025-06-29T17:53:37+00:00","dateModified":"2025-06-30T22:24:38+00:00","breadcrumb":{"@id":"https:\/\/ramsesworks.com\/#breadcrumb"},"inLanguage":"de","potentialAction":[{"@type":"ReadAction","target":["https:\/\/ramsesworks.com\/"]}]},{"@type":"ImageObject","inLanguage":"de","@id":"https:\/\/ramsesworks.com\/#primaryimage","url":"https:\/\/ramsesworks.com\/wp-content\/uploads\/2025\/06\/cropped-cropped-RamsesWorksLogo.webp","contentUrl":"https:\/\/ramsesworks.com\/wp-content\/uploads\/2025\/06\/cropped-cropped-RamsesWorksLogo.webp"},{"@type":"BreadcrumbList","@id":"https:\/\/ramsesworks.com\/#breadcrumb","itemListElement":[{"@type":"ListItem","position":1,"name":"Startseite","item":"https:\/\/ramsesworks.com\/"},{"@type":"ListItem","position":2,"name":"Home"}]},{"@type":"WebSite","@id":"https:\/\/ramsesworks.com\/#website","url":"https:\/\/ramsesworks.com\/","name":"RamsesWorks","description":"","publisher":{"@id":"https:\/\/ramsesworks.com\/#organization"},"potentialAction":[{"@type":"SearchAction","target":{"@type":"EntryPoint","urlTemplate":"https:\/\/ramsesworks.com\/?s={search_term_string}"},"query-input":{"@type":"PropertyValueSpecification","valueRequired":true,"valueName":"search_term_string"}}],"inLanguage":"de"},{"@type":"Organization","@id":"https:\/\/ramsesworks.com\/#organization","name":"RamsesWorks","url":"https:\/\/ramsesworks.com\/","logo":{"@type":"ImageObject","inLanguage":"de","@id":"https:\/\/ramsesworks.com\/#\/schema\/logo\/image\/","url":"https:\/\/ramsesworks.com\/wp-content\/uploads\/2025\/06\/RamsesLogo.webp","contentUrl":"https:\/\/ramsesworks.com\/wp-content\/uploads\/2025\/06\/RamsesLogo.webp","width":1024,"height":350,"caption":"RamsesWorks"},"image":{"@id":"https:\/\/ramsesworks.com\/#\/schema\/logo\/image\/"}}]}},"_links":{"self":[{"href":"https:\/\/ramsesworks.com\/de\/wp-json\/wp\/v2\/pages\/7","targetHints":{"allow":["GET"]}}],"collection":[{"href":"https:\/\/ramsesworks.com\/de\/wp-json\/wp\/v2\/pages"}],"about":[{"href":"https:\/\/ramsesworks.com\/de\/wp-json\/wp\/v2\/types\/page"}],"author":[{"embeddable":true,"href":"https:\/\/ramsesworks.com\/de\/wp-json\/wp\/v2\/users\/1"}],"replies":[{"embeddable":true,"href":"https:\/\/ramsesworks.com\/de\/wp-json\/wp\/v2\/comments?post=7"}],"version-history":[{"count":83,"href":"https:\/\/ramsesworks.com\/de\/wp-json\/wp\/v2\/pages\/7\/revisions"}],"predecessor-version":[{"id":260,"href":"https:\/\/ramsesworks.com\/de\/wp-json\/wp\/v2\/pages\/7\/revisions\/260"}],"wp:attachment":[{"href":"https:\/\/ramsesworks.com\/de\/wp-json\/wp\/v2\/media?parent=7"}],"curies":[{"name":"wp","href":"https:\/\/api.w.org\/{rel}","templated":true}]}}